{"id":56,"date":"2021-02-02T06:48:20","date_gmt":"2021-02-02T06:48:20","guid":{"rendered":"https:\/\/themes.muffingroup.com\/be\/internet3_el\/?page_id=56"},"modified":"2025-12-01T11:25:57","modified_gmt":"2025-12-01T10:25:57","slug":"coueur-vegetale-gaia","status":"publish","type":"page","link":"https:\/\/coiffshopnew.fr\/index.php\/coueur-vegetale-gaia\/","title":{"rendered":"Couleur v\u00e9g\u00e9tale Ga\u00efa"},"content":{"rendered":"\t\t<div data-elementor-type=\"wp-page\" data-elementor-id=\"56\" class=\"elementor elementor-56\">\n\t\t\t\t\t\t<section class=\"elementor-section elementor-top-section elementor-element elementor-element-e7b489a elementor-section-stretched elementor-section-boxed elementor-section-height-default elementor-section-height-default\" data-id=\"e7b489a\" data-element_type=\"section\" data-settings=\"{&quot;stretch_section&quot;:&quot;section-stretched&quot;,&quot;background_background&quot;:&quot;classic&quot;}\">\n\t\t\t\t\t\t<div class=\"elementor-container elementor-column-gap-custom\">\n\t\t\t\t\t<div class=\"elementor-column elementor-col-50 elementor-top-column elementor-element elementor-element-b09cf75\" data-id=\"b09cf75\" data-element_type=\"column\">\n\t\t\t<div class=\"elementor-widget-wrap elementor-element-populated\">\n\t\t\t\t\t\t<div class=\"elementor-element elementor-element-74110d7 elementor-widget elementor-widget-spacer\" data-id=\"74110d7\" data-element_type=\"widget\" data-widget_type=\"spacer.default\">\n\t\t\t\t<div class=\"elementor-widget-container\">\n\t\t\t\t\t<div class=\"elementor-spacer\">\n\t\t\t<div class=\"elementor-spacer-inner\"><\/div>\n\t\t<\/div>\n\t\t\t\t<\/div>\n\t\t\t\t<\/div>\n\t\t\t\t<div class=\"elementor-element elementor-element-2f97778 elementor-widget elementor-widget-heading\" data-id=\"2f97778\" data-element_type=\"widget\" data-widget_type=\"heading.default\">\n\t\t\t\t<div class=\"elementor-widget-container\">\n\t\t\t<h1 class=\"elementor-heading-title elementor-size-default\">Le principe de<br>\nla coloration v\u00e9g\u00e9tale<\/h1>\t\t<\/div>\n\t\t\t\t<\/div>\n\t\t\t\t<div class=\"elementor-element elementor-element-65668d4 elementor-widget elementor-widget-spacer\" data-id=\"65668d4\" data-element_type=\"widget\" data-widget_type=\"spacer.default\">\n\t\t\t\t<div class=\"elementor-widget-container\">\n\t\t\t\t\t<div class=\"elementor-spacer\">\n\t\t\t<div class=\"elementor-spacer-inner\"><\/div>\n\t\t<\/div>\n\t\t\t\t<\/div>\n\t\t\t\t<\/div>\n\t\t\t\t<div class=\"elementor-element elementor-element-3b37f6c elementor-widget elementor-widget-heading\" data-id=\"3b37f6c\" data-element_type=\"widget\" data-widget_type=\"heading.default\">\n\t\t\t\t<div class=\"elementor-widget-container\">\n\t\t\t<h2 class=\"elementor-heading-title elementor-size-default\">La coloration v\u00e9g\u00e9tale :<br>\nun fonctionnement atypique<\/h2>\t\t<\/div>\n\t\t\t\t<\/div>\n\t\t\t\t<div class=\"elementor-element elementor-element-fe5cc16 elementor-widget elementor-widget-text-editor\" data-id=\"fe5cc16\" data-element_type=\"widget\" data-widget_type=\"text-editor.default\">\n\t\t\t\t<div class=\"elementor-widget-container\">\n\t\t\t\t\t\t\tAux antipodes de la coloration chimique, il y a la coloration v\u00e9g\u00e9tale et 100% naturelle, r\u00e9alis\u00e9e uniquement \u00e0 base de plantes. Celle-ci ne fonctionne pas sur un principe d\u2019oxydation, n\u2019ouvre pas la fibre capillaire et ne p\u00e9n\u00e8tre pas en son c\u0153ur : elle se fixe en surface et gaine le cheveu sans modifier son pH.\t\t\t\t\t\t<\/div>\n\t\t\t\t<\/div>\n\t\t\t\t<div class=\"elementor-element elementor-element-03bef48 elementor-widget elementor-widget-heading\" data-id=\"03bef48\" data-element_type=\"widget\" data-widget_type=\"heading.default\">\n\t\t\t\t<div class=\"elementor-widget-container\">\n\t\t\t<h2 class=\"elementor-heading-title elementor-size-default\">Des poudres, des plantes<br>\nsans rien d'autre<\/h2>\t\t<\/div>\n\t\t\t\t<\/div>\n\t\t\t\t<div class=\"elementor-element elementor-element-b6697a3 elementor-widget elementor-widget-text-editor\" data-id=\"b6697a3\" data-element_type=\"widget\" data-widget_type=\"text-editor.default\">\n\t\t\t\t<div class=\"elementor-widget-container\">\n\t\t\t\t\t\t\tIl s\u2019agit de poudre de plantes (principalement henn\u00e9 et indigo) que l\u2019on m\u00e9lange \u00e0 de l\u2019eau chaude pour former une p\u00e2te onctueuse. Celle-ci est appliqu\u00e9e sur la chevelure et va ainsi permettre aux pigments naturels de se fixer sur la paroi du cheveu (ou cuticule).\t\t\t\t\t\t<\/div>\n\t\t\t\t<\/div>\n\t\t\t\t\t<\/div>\n\t\t<\/div>\n\t\t\t\t<div class=\"elementor-column elementor-col-50 elementor-top-column elementor-element elementor-element-646a5c6\" data-id=\"646a5c6\" data-element_type=\"column\">\n\t\t\t<div class=\"elementor-widget-wrap elementor-element-populated\">\n\t\t\t\t\t\t<div class=\"elementor-element elementor-element-048c079 elementor-widget elementor-widget-spacer\" data-id=\"048c079\" data-element_type=\"widget\" data-widget_type=\"spacer.default\">\n\t\t\t\t<div class=\"elementor-widget-container\">\n\t\t\t\t\t<div class=\"elementor-spacer\">\n\t\t\t<div class=\"elementor-spacer-inner\"><\/div>\n\t\t<\/div>\n\t\t\t\t<\/div>\n\t\t\t\t<\/div>\n\t\t\t\t<div class=\"elementor-element elementor-element-e9e45c8 elementor-widget elementor-widget-image\" data-id=\"e9e45c8\" data-element_type=\"widget\" data-widget_type=\"image.default\">\n\t\t\t\t<div class=\"elementor-widget-container\">\n\t\t\t\t\t\t\t\t\t\t\t\t\t<img fetchpriority=\"high\" decoding=\"async\" width=\"515\" height=\"621\" src=\"https:\/\/coiffshopnew.fr\/wp-content\/uploads\/2021\/09\/cheveu-gaia-1.png\" class=\"attachment-large size-large wp-image-752\" alt=\"\" srcset=\"https:\/\/coiffshopnew.fr\/wp-content\/uploads\/2021\/09\/cheveu-gaia-1.png 515w, https:\/\/coiffshopnew.fr\/wp-content\/uploads\/2021\/09\/cheveu-gaia-1-249x300.png 249w, https:\/\/coiffshopnew.fr\/wp-content\/uploads\/2021\/09\/cheveu-gaia-1-121x146.png 121w, https:\/\/coiffshopnew.fr\/wp-content\/uploads\/2021\/09\/cheveu-gaia-1-41x50.png 41w, https:\/\/coiffshopnew.fr\/wp-content\/uploads\/2021\/09\/cheveu-gaia-1-62x75.png 62w\" sizes=\"(max-width: 515px) 100vw, 515px\" \/>\t\t\t\t\t\t\t\t\t\t\t\t\t<\/div>\n\t\t\t\t<\/div>\n\t\t\t\t<div class=\"elementor-element elementor-element-e7d3b2d elementor-widget elementor-widget-spacer\" data-id=\"e7d3b2d\" data-element_type=\"widget\" data-widget_type=\"spacer.default\">\n\t\t\t\t<div class=\"elementor-widget-container\">\n\t\t\t\t\t<div class=\"elementor-spacer\">\n\t\t\t<div class=\"elementor-spacer-inner\"><\/div>\n\t\t<\/div>\n\t\t\t\t<\/div>\n\t\t\t\t<\/div>\n\t\t\t\t\t<\/div>\n\t\t<\/div>\n\t\t\t\t\t<\/div>\n\t\t<\/section>\n\t\t\t\t<section class=\"elementor-section elementor-top-section elementor-element elementor-element-74b1244 elementor-section-stretched elementor-section-boxed elementor-section-height-default elementor-section-height-default\" data-id=\"74b1244\" data-element_type=\"section\" data-settings=\"{&quot;stretch_section&quot;:&quot;section-stretched&quot;,&quot;background_background&quot;:&quot;classic&quot;}\">\n\t\t\t\t\t\t<div class=\"elementor-container elementor-column-gap-custom\">\n\t\t\t\t\t<div class=\"elementor-column elementor-col-50 elementor-top-column elementor-element elementor-element-c83f47a\" data-id=\"c83f47a\" data-element_type=\"column\">\n\t\t\t<div class=\"elementor-widget-wrap elementor-element-populated\">\n\t\t\t\t\t\t<div class=\"elementor-element elementor-element-3574fdd elementor-widget elementor-widget-spacer\" data-id=\"3574fdd\" data-element_type=\"widget\" data-widget_type=\"spacer.default\">\n\t\t\t\t<div class=\"elementor-widget-container\">\n\t\t\t\t\t<div class=\"elementor-spacer\">\n\t\t\t<div class=\"elementor-spacer-inner\"><\/div>\n\t\t<\/div>\n\t\t\t\t<\/div>\n\t\t\t\t<\/div>\n\t\t\t\t<div class=\"elementor-element elementor-element-2822bf0 elementor-widget elementor-widget-image\" data-id=\"2822bf0\" data-element_type=\"widget\" data-widget_type=\"image.default\">\n\t\t\t\t<div class=\"elementor-widget-container\">\n\t\t\t\t\t\t\t\t\t\t\t\t\t<img decoding=\"async\" width=\"768\" height=\"683\" src=\"https:\/\/coiffshopnew.fr\/wp-content\/uploads\/2021\/09\/application-coloration-vegetale-couleursgaia.jpg\" class=\"attachment-large size-large wp-image-666\" alt=\"\" srcset=\"https:\/\/coiffshopnew.fr\/wp-content\/uploads\/2021\/09\/application-coloration-vegetale-couleursgaia.jpg 768w, https:\/\/coiffshopnew.fr\/wp-content\/uploads\/2021\/09\/application-coloration-vegetale-couleursgaia-300x267.jpg 300w, https:\/\/coiffshopnew.fr\/wp-content\/uploads\/2021\/09\/application-coloration-vegetale-couleursgaia-164x146.jpg 164w, https:\/\/coiffshopnew.fr\/wp-content\/uploads\/2021\/09\/application-coloration-vegetale-couleursgaia-50x44.jpg 50w, https:\/\/coiffshopnew.fr\/wp-content\/uploads\/2021\/09\/application-coloration-vegetale-couleursgaia-84x75.jpg 84w\" sizes=\"(max-width: 768px) 100vw, 768px\" \/>\t\t\t\t\t\t\t\t\t\t\t\t\t<\/div>\n\t\t\t\t<\/div>\n\t\t\t\t\t<\/div>\n\t\t<\/div>\n\t\t\t\t<div class=\"elementor-column elementor-col-50 elementor-top-column elementor-element elementor-element-3250cc1\" data-id=\"3250cc1\" data-element_type=\"column\">\n\t\t\t<div class=\"elementor-widget-wrap elementor-element-populated\">\n\t\t\t\t\t\t<div class=\"elementor-element elementor-element-c3d9d89 elementor-widget elementor-widget-spacer\" data-id=\"c3d9d89\" data-element_type=\"widget\" data-widget_type=\"spacer.default\">\n\t\t\t\t<div class=\"elementor-widget-container\">\n\t\t\t\t\t<div class=\"elementor-spacer\">\n\t\t\t<div class=\"elementor-spacer-inner\"><\/div>\n\t\t<\/div>\n\t\t\t\t<\/div>\n\t\t\t\t<\/div>\n\t\t\t\t<div class=\"elementor-element elementor-element-fdcee5a elementor-widget elementor-widget-heading\" data-id=\"fdcee5a\" data-element_type=\"widget\" data-widget_type=\"heading.default\">\n\t\t\t\t<div class=\"elementor-widget-container\">\n\t\t\t<h2 class=\"elementor-heading-title elementor-size-default\">Coloration v\u00e9g\u00e9tale<br>\net cheveux blancs<\/h2>\t\t<\/div>\n\t\t\t\t<\/div>\n\t\t\t\t<div class=\"elementor-element elementor-element-871c4dc elementor-widget elementor-widget-text-editor\" data-id=\"871c4dc\" data-element_type=\"widget\" data-widget_type=\"text-editor.default\">\n\t\t\t\t<div class=\"elementor-widget-container\">\n\t\t\t\t\t\t\tSi elle est r\u00e9alis\u00e9e avec des plantes de premi\u00e8re qualit\u00e9 et des protocoles rigoureux, la coloration v\u00e9g\u00e9tale est permanente et permet de couvrir totalement les cheveux blancs.  En coloration v\u00e9g\u00e9tale, le nuancier de couleurs est large : blond, brun, ch\u00e2tain, roux, noir, etc.<br><br>\n\nGain\u00e9 par les pigments v\u00e9g\u00e9taux, le cheveu devient plus r\u00e9sistant et brillant ; il retrouve \u00e9lasticit\u00e9 et volume (+20% en moyenne). Une bonne coloration v\u00e9g\u00e9tale \u00e9volue tr\u00e8s bien dans le temps, la chevelure devient de plus en plus belle au fil des applications.<br><br>\n\n\u00c0 noter que la gamme de colorations v\u00e9g\u00e9tales Couleurs Ga\u00efa contient non seulement des plantes tinctoriales (henn\u00e9, indigo), mais aussi des plantes ayurv\u00e9diques, pour un v\u00e9ritable effet soin.\t\t\t\t\t\t<\/div>\n\t\t\t\t<\/div>\n\t\t\t\t<div class=\"elementor-element elementor-element-5c873f0 elementor-widget elementor-widget-spacer\" data-id=\"5c873f0\" data-element_type=\"widget\" data-widget_type=\"spacer.default\">\n\t\t\t\t<div class=\"elementor-widget-container\">\n\t\t\t\t\t<div class=\"elementor-spacer\">\n\t\t\t<div class=\"elementor-spacer-inner\"><\/div>\n\t\t<\/div>\n\t\t\t\t<\/div>\n\t\t\t\t<\/div>\n\t\t\t\t\t<\/div>\n\t\t<\/div>\n\t\t\t\t\t<\/div>\n\t\t<\/section>\n\t\t\t\t<section class=\"elementor-section elementor-top-section elementor-element elementor-element-d224a22 elementor-section-stretched elementor-section-boxed elementor-section-height-default elementor-section-height-default\" data-id=\"d224a22\" data-element_type=\"section\" data-settings=\"{&quot;stretch_section&quot;:&quot;section-stretched&quot;,&quot;background_background&quot;:&quot;classic&quot;}\">\n\t\t\t\t\t\t<div class=\"elementor-container elementor-column-gap-default\">\n\t\t\t\t\t<div class=\"elementor-column elementor-col-50 elementor-top-column elementor-element elementor-element-8c4f058\" data-id=\"8c4f058\" data-element_type=\"column\">\n\t\t\t<div class=\"elementor-widget-wrap elementor-element-populated\">\n\t\t\t\t\t\t<div class=\"elementor-element elementor-element-6521ad0 elementor-widget elementor-widget-heading\" data-id=\"6521ad0\" data-element_type=\"widget\" data-widget_type=\"heading.default\">\n\t\t\t\t<div class=\"elementor-widget-container\">\n\t\t\t<h2 class=\"elementor-heading-title elementor-size-default\">Comment \u00e7a marche ?<\/h2>\t\t<\/div>\n\t\t\t\t<\/div>\n\t\t\t\t<div class=\"elementor-element elementor-element-8f54818 elementor-widget elementor-widget-text-editor\" data-id=\"8f54818\" data-element_type=\"widget\" data-widget_type=\"text-editor.default\">\n\t\t\t\t<div class=\"elementor-widget-container\">\n\t\t\t\t\t\t\tPour une premi\u00e8re application de couleur v\u00e9g\u00e9tale Ga\u00efa il nous faut \u00e9tablir ensemble un diagnostique au salon. Afin de pouvoir \u00e9tablir ce diagnostique n&rsquo;h\u00e9sitez pas \u00e0 nous contacter\npar t\u00e9l\u00e9phone au :<br>\n01 47 90 24 35\t\t\t\t\t\t<\/div>\n\t\t\t\t<\/div>\n\t\t\t\t<div class=\"elementor-element elementor-element-45acef5 elementor-widget elementor-widget-heading\" data-id=\"45acef5\" data-element_type=\"widget\" data-widget_type=\"heading.default\">\n\t\t\t\t<div class=\"elementor-widget-container\">\n\t\t\t<h2 class=\"elementor-heading-title elementor-size-default\">Prix des prestations<\/h2>\t\t<\/div>\n\t\t\t\t<\/div>\n\t\t\t\t<div class=\"elementor-element elementor-element-36c2717 elementor-widget elementor-widget-text-editor\" data-id=\"36c2717\" data-element_type=\"widget\" data-widget_type=\"text-editor.default\">\n\t\t\t\t<div class=\"elementor-widget-container\">\n\t\t\t\t\t\t\t<p><span style=\"color: #ffffff;\"><strong><br \/>\u00e0 partir de <\/strong><span style=\"font-size: xx-large;\"><strong>61\u20ac <\/strong><\/span><\/span><\/p>\t\t\t\t\t\t<\/div>\n\t\t\t\t<\/div>\n\t\t\t\t<div class=\"elementor-element elementor-element-6a66f34 elementor-widget elementor-widget-text-editor\" data-id=\"6a66f34\" data-element_type=\"widget\" data-widget_type=\"text-editor.default\">\n\t\t\t\t<div class=\"elementor-widget-container\">\n\t\t\t\t\t\t\tApr\u00e8s diagnostique un devis personnalis\u00e9 vous sera indiqu\u00e9. Retrouvez \u00e9galement sur place toute la gamme des produits Ga\u00efa pour l&rsquo;entretien de vos couleurs.\t\t\t\t\t\t<\/div>\n\t\t\t\t<\/div>\n\t\t\t\t<div class=\"elementor-element elementor-element-7eb705b elementor-widget elementor-widget-spacer\" data-id=\"7eb705b\" data-element_type=\"widget\" data-widget_type=\"spacer.default\">\n\t\t\t\t<div class=\"elementor-widget-container\">\n\t\t\t\t\t<div class=\"elementor-spacer\">\n\t\t\t<div class=\"elementor-spacer-inner\"><\/div>\n\t\t<\/div>\n\t\t\t\t<\/div>\n\t\t\t\t<\/div>\n\t\t\t\t<div class=\"elementor-element elementor-element-6aed8da elementor-hidden-desktop elementor-hidden-tablet elementor-widget elementor-widget-image\" data-id=\"6aed8da\" data-element_type=\"widget\" data-widget_type=\"image.default\">\n\t\t\t\t<div class=\"elementor-widget-container\">\n\t\t\t\t\t\t\t\t\t\t\t\t\t<img decoding=\"async\" width=\"768\" height=\"1024\" src=\"https:\/\/coiffshopnew.fr\/wp-content\/uploads\/2021\/11\/20211005_164746-1-768x1024.jpg\" class=\"attachment-large size-large wp-image-988\" alt=\"\" srcset=\"https:\/\/coiffshopnew.fr\/wp-content\/uploads\/2021\/11\/20211005_164746-1-768x1024.jpg 768w, https:\/\/coiffshopnew.fr\/wp-content\/uploads\/2021\/11\/20211005_164746-1-225x300.jpg 225w, https:\/\/coiffshopnew.fr\/wp-content\/uploads\/2021\/11\/20211005_164746-1-1152x1536.jpg 1152w, https:\/\/coiffshopnew.fr\/wp-content\/uploads\/2021\/11\/20211005_164746-1-1536x2048.jpg 1536w, https:\/\/coiffshopnew.fr\/wp-content\/uploads\/2021\/11\/20211005_164746-1-110x146.jpg 110w, https:\/\/coiffshopnew.fr\/wp-content\/uploads\/2021\/11\/20211005_164746-1-38x50.jpg 38w, https:\/\/coiffshopnew.fr\/wp-content\/uploads\/2021\/11\/20211005_164746-1-56x75.jpg 56w, https:\/\/coiffshopnew.fr\/wp-content\/uploads\/2021\/11\/20211005_164746-1-scaled.jpg 1920w\" sizes=\"(max-width: 768px) 100vw, 768px\" \/>\t\t\t\t\t\t\t\t\t\t\t\t\t<\/div>\n\t\t\t\t<\/div>\n\t\t\t\t\t<\/div>\n\t\t<\/div>\n\t\t\t\t<div class=\"elementor-column elementor-col-50 elementor-top-column elementor-element elementor-element-ff54674 elementor-hidden-phone\" data-id=\"ff54674\" data-element_type=\"column\" data-settings=\"{&quot;background_background&quot;:&quot;slideshow&quot;,&quot;background_slideshow_gallery&quot;:[{&quot;id&quot;:988,&quot;url&quot;:&quot;https:\\\/\\\/coiffshopnew.fr\\\/wp-content\\\/uploads\\\/2021\\\/11\\\/20211005_164746-1-scaled.jpg&quot;}],&quot;background_slideshow_loop&quot;:&quot;yes&quot;,&quot;background_slideshow_slide_duration&quot;:5000,&quot;background_slideshow_slide_transition&quot;:&quot;fade&quot;,&quot;background_slideshow_transition_duration&quot;:500}\">\n\t\t\t<div class=\"elementor-widget-wrap elementor-element-populated\">\n\t\t\t\t\t\t<div class=\"elementor-element elementor-element-762ed49 elementor-widget elementor-widget-spacer\" data-id=\"762ed49\" data-element_type=\"widget\" data-widget_type=\"spacer.default\">\n\t\t\t\t<div class=\"elementor-widget-container\">\n\t\t\t\t\t<div class=\"elementor-spacer\">\n\t\t\t<div class=\"elementor-spacer-inner\"><\/div>\n\t\t<\/div>\n\t\t\t\t<\/div>\n\t\t\t\t<\/div>\n\t\t\t\t<div class=\"elementor-element elementor-element-d16f25c elementor-widget elementor-widget-spacer\" data-id=\"d16f25c\" data-element_type=\"widget\" data-widget_type=\"spacer.default\">\n\t\t\t\t<div class=\"elementor-widget-container\">\n\t\t\t\t\t<div class=\"elementor-spacer\">\n\t\t\t<div class=\"elementor-spacer-inner\"><\/div>\n\t\t<\/div>\n\t\t\t\t<\/div>\n\t\t\t\t<\/div>\n\t\t\t\t\t<\/div>\n\t\t<\/div>\n\t\t\t\t\t<\/div>\n\t\t<\/section>\n\t\t\t\t<section class=\"elementor-section elementor-top-section elementor-element elementor-element-f649da0 elementor-section-stretched elementor-hidden-phone elementor-section-boxed elementor-section-height-default elementor-section-height-default\" data-id=\"f649da0\" data-element_type=\"section\" data-settings=\"{&quot;stretch_section&quot;:&quot;section-stretched&quot;,&quot;background_background&quot;:&quot;classic&quot;}\">\n\t\t\t\t\t\t<div class=\"elementor-container elementor-column-gap-default\">\n\t\t\t\t\t<div class=\"elementor-column elementor-col-100 elementor-top-column elementor-element elementor-element-ac8bda0\" data-id=\"ac8bda0\" data-element_type=\"column\">\n\t\t\t<div class=\"elementor-widget-wrap elementor-element-populated\">\n\t\t\t\t\t\t<div class=\"elementor-element elementor-element-a31847f elementor-widget elementor-widget-spacer\" data-id=\"a31847f\" data-element_type=\"widget\" data-widget_type=\"spacer.default\">\n\t\t\t\t<div class=\"elementor-widget-container\">\n\t\t\t\t\t<div class=\"elementor-spacer\">\n\t\t\t<div class=\"elementor-spacer-inner\"><\/div>\n\t\t<\/div>\n\t\t\t\t<\/div>\n\t\t\t\t<\/div>\n\t\t\t\t\t<\/div>\n\t\t<\/div>\n\t\t\t\t\t<\/div>\n\t\t<\/section>\n\t\t\t\t<\/div>\n\t\t","protected":false},"excerpt":{"rendered":"<p>Le principe de la coloration v\u00e9g\u00e9tale La coloration v\u00e9g\u00e9tale : un fonctionnement atypique Aux antipodes de la coloration chimique, il y a la coloration v\u00e9g\u00e9tale et<span class=\"excerpt-hellip\"> [\u2026]<\/span><\/p>\n","protected":false},"author":1,"featured_media":0,"parent":0,"menu_order":0,"comment_status":"closed","ping_status":"closed","template":"","meta":{"footnotes":""},"class_list":["post-56","page","type-page","status-publish","hentry"],"_links":{"self":[{"href":"https:\/\/coiffshopnew.fr\/index.php\/wp-json\/wp\/v2\/pages\/56","targetHints":{"allow":["GET"]}}],"collection":[{"href":"https:\/\/coiffshopnew.fr\/index.php\/wp-json\/wp\/v2\/pages"}],"about":[{"href":"https:\/\/coiffshopnew.fr\/index.php\/wp-json\/wp\/v2\/types\/page"}],"author":[{"embeddable":true,"href":"https:\/\/coiffshopnew.fr\/index.php\/wp-json\/wp\/v2\/users\/1"}],"replies":[{"embeddable":true,"href":"https:\/\/coiffshopnew.fr\/index.php\/wp-json\/wp\/v2\/comments?post=56"}],"version-history":[{"count":199,"href":"https:\/\/coiffshopnew.fr\/index.php\/wp-json\/wp\/v2\/pages\/56\/revisions"}],"predecessor-version":[{"id":1185,"href":"https:\/\/coiffshopnew.fr\/index.php\/wp-json\/wp\/v2\/pages\/56\/revisions\/1185"}],"wp:attachment":[{"href":"https:\/\/coiffshopnew.fr\/index.php\/wp-json\/wp\/v2\/media?parent=56"}],"curies":[{"name":"wp","href":"https:\/\/api.w.org\/{rel}","templated":true}]}}